{"id":38709,"date":"2025-11-27T17:19:23","date_gmt":"2025-11-27T10:19:23","guid":{"rendered":"https:\/\/sonindustrial.com\/?post_type=product&#038;p=38709"},"modified":"2026-03-20T09:00:20","modified_gmt":"2026-03-20T02:00:20","slug":"bua-rung-khi-nen-son-bvp-60s","status":"publish","type":"product","link":"https:\/\/sonindustrial.com\/en\/bua-rung-khi-nen-son-bvp-60s\/","title":{"rendered":"B\u00faa rung kh\u00ed n\u00e9n SON BVP-60S"},"content":{"rendered":"\n\n<div class=\"kk-star-ratings kksr-auto kksr-align-left kksr-valign-top\"\n    data-payload='{&quot;align&quot;:&quot;left&quot;,&quot;id&quot;:&quot;38709&quot;,&quot;slug&quot;:&quot;default&quot;,&quot;valign&quot;:&quot;top&quot;,&quot;ignore&quot;:&quot;&quot;,&quot;reference&quot;:&quot;auto&quot;,&quot;class&quot;:&quot;&quot;,&quot;count&quot;:&quot;0&quot;,&quot;legendonly&quot;:&quot;&quot;,&quot;readonly&quot;:&quot;&quot;,&quot;score&quot;:&quot;0&quot;,&quot;starsonly&quot;:&quot;&quot;,&quot;best&quot;:&quot;5&quot;,&quot;gap&quot;:&quot;5&quot;,&quot;greet&quot;:&quot;Rate this product&quot;,&quot;legend&quot;:&quot;0\\\/5 - (0 votes)&quot;,&quot;size&quot;:&quot;24&quot;,&quot;title&quot;:&quot;B\u00faa rung kh\u00ed n\u00e9n SON BVP-60S&quot;,&quot;width&quot;:&quot;0&quot;,&quot;_legend&quot;:&quot;{score}\\\/{best} - ({count} {votes})&quot;,&quot;font_factor&quot;:&quot;1.25&quot;}'>\n            \n<div class=\"kksr-stars\">\n    \n<div class=\"kksr-stars-inactive\">\n            <div class=\"kksr-star\" data-star=\"1\" style=\"padding-right: 5px\">\n            \n\n<div class=\"kksr-icon\" style=\"width: 24px; height: 24px;\"><\/div>\n        <\/div>\n            <div class=\"kksr-star\" data-star=\"2\" style=\"padding-right: 5px\">\n            \n\n<div class=\"kksr-icon\" style=\"width: 24px; height: 24px;\"><\/div>\n        <\/div>\n            <div class=\"kksr-star\" data-star=\"3\" style=\"padding-right: 5px\">\n            \n\n<div class=\"kksr-icon\" style=\"width: 24px; height: 24px;\"><\/div>\n        <\/div>\n            <div class=\"kksr-star\" data-star=\"4\" style=\"padding-right: 5px\">\n            \n\n<div class=\"kksr-icon\" style=\"width: 24px; height: 24px;\"><\/div>\n        <\/div>\n            <div class=\"kksr-star\" data-star=\"5\" style=\"padding-right: 5px\">\n            \n\n<div class=\"kksr-icon\" style=\"width: 24px; height: 24px;\"><\/div>\n        <\/div>\n    <\/div>\n    \n<div class=\"kksr-stars-active\" style=\"width: 0px;\">\n            <div class=\"kksr-star\" style=\"padding-right: 5px\">\n            \n\n<div class=\"kksr-icon\" style=\"width: 24px; height: 24px;\"><\/div>\n        <\/div>\n            <div class=\"kksr-star\" style=\"padding-right: 5px\">\n            \n\n<div class=\"kksr-icon\" style=\"width: 24px; height: 24px;\"><\/div>\n        <\/div>\n            <div class=\"kksr-star\" style=\"padding-right: 5px\">\n            \n\n<div class=\"kksr-icon\" style=\"width: 24px; height: 24px;\"><\/div>\n        <\/div>\n            <div class=\"kksr-star\" style=\"padding-right: 5px\">\n            \n\n<div class=\"kksr-icon\" style=\"width: 24px; height: 24px;\"><\/div>\n        <\/div>\n            <div class=\"kksr-star\" style=\"padding-right: 5px\">\n            \n\n<div class=\"kksr-icon\" style=\"width: 24px; height: 24px;\"><\/div>\n        <\/div>\n    <\/div>\n<\/div>\n                \n\n<div class=\"kksr-legend\" style=\"font-size: 19.2px;\">\n            <span class=\"kksr-muted\">Rate this product<\/span>\n    <\/div>\n    <\/div>\n","protected":false},"excerpt":{"rendered":"<p>M\u00e3 h\u00e0ng: BVP-60S<br \/>\n\u00c1p su\u1ea5t: 0.2-0.6MPa<br \/>\nL\u1ef1c rung: 6900-13850 N<br \/>\n\u0110\u1ea7u v\u00e0o: G 1\/4&#8243;<br \/>\nXu\u1ea5t x\u1ee9: SON Industrial<\/p>\n","protected":false},"featured_media":38710,"template":"","meta":{"_acf_changed":false},"product_brand":[],"product_cat":[418,479,432],"product_tag":[],"class_list":{"0":"post-38709","1":"product","2":"type-product","3":"status-publish","4":"has-post-thumbnail","6":"product_cat-thiet-bi-do-luong","7":"product_cat-bua-rung-khi-nen","8":"product_cat-bua-rung-bua-go","10":"first","11":"instock","12":"shipping-taxable","13":"product-type-simple"},"acf":[],"_links":{"self":[{"href":"https:\/\/sonindustrial.com\/en\/wp-json\/wp\/v2\/product\/38709","targetHints":{"allow":["GET"]}}],"collection":[{"href":"https:\/\/sonindustrial.com\/en\/wp-json\/wp\/v2\/product"}],"about":[{"href":"https:\/\/sonindustrial.com\/en\/wp-json\/wp\/v2\/types\/product"}],"version-history":[{"count":5,"href":"https:\/\/sonindustrial.com\/en\/wp-json\/wp\/v2\/product\/38709\/revisions"}],"predecessor-version":[{"id":39648,"href":"https:\/\/sonindustrial.com\/en\/wp-json\/wp\/v2\/product\/38709\/revisions\/39648"}],"wp:featuredmedia":[{"embeddable":true,"href":"https:\/\/sonindustrial.com\/en\/wp-json\/wp\/v2\/media\/38710"}],"wp:attachment":[{"href":"https:\/\/sonindustrial.com\/en\/wp-json\/wp\/v2\/media?parent=38709"}],"wp:term":[{"taxonomy":"product_brand","embeddable":true,"href":"https:\/\/sonindustrial.com\/en\/wp-json\/wp\/v2\/product_brand?post=38709"},{"taxonomy":"product_cat","embeddable":true,"href":"https:\/\/sonindustrial.com\/en\/wp-json\/wp\/v2\/product_cat?post=38709"},{"taxonomy":"product_tag","embeddable":true,"href":"https:\/\/sonindustrial.com\/en\/wp-json\/wp\/v2\/product_tag?post=38709"}],"curies":[{"name":"wp","href":"https:\/\/api.w.org\/{rel}","templated":true}]}}