{"id":38149,"date":"2025-10-27T16:08:49","date_gmt":"2025-10-27T09:08:49","guid":{"rendered":"https:\/\/sonindustrial.com\/?post_type=product&#038;p=38149"},"modified":"2025-10-28T10:37:07","modified_gmt":"2025-10-28T03:37:07","slug":"cam-bien-bao-muc-nuoc-lien-tuc-cho-lo-hoi-hang-turkey","status":"publish","type":"product","link":"https:\/\/sonindustrial.com\/en\/cam-bien-bao-muc-nuoc-lien-tuc-cho-lo-hoi-hang-turkey\/","title":{"rendered":"C\u1ea3m bi\u1ebfn b\u00e1o m\u1ee9c n\u01b0\u1edbc Model SD-AY 420A H\u00e0ng Turkey"},"content":{"rendered":"\n\n<div class=\"kk-star-ratings kksr-auto kksr-align-left kksr-valign-top\"\n    data-payload='{&quot;align&quot;:&quot;left&quot;,&quot;id&quot;:&quot;38149&quot;,&quot;slug&quot;:&quot;default&quot;,&quot;valign&quot;:&quot;top&quot;,&quot;ignore&quot;:&quot;&quot;,&quot;reference&quot;:&quot;auto&quot;,&quot;class&quot;:&quot;&quot;,&quot;count&quot;:&quot;0&quot;,&quot;legendonly&quot;:&quot;&quot;,&quot;readonly&quot;:&quot;&quot;,&quot;score&quot;:&quot;0&quot;,&quot;starsonly&quot;:&quot;&quot;,&quot;best&quot;:&quot;5&quot;,&quot;gap&quot;:&quot;5&quot;,&quot;greet&quot;:&quot;Rate this product&quot;,&quot;legend&quot;:&quot;0\\\/5 - (0 votes)&quot;,&quot;size&quot;:&quot;24&quot;,&quot;title&quot;:&quot;C\u1ea3m bi\u1ebfn b\u00e1o m\u1ee9c n\u01b0\u1edbc Model SD-AY 420A H\u00e0ng Turkey&quot;,&quot;width&quot;:&quot;0&quot;,&quot;_legend&quot;:&quot;{score}\\\/{best} - ({count} {votes})&quot;,&quot;font_factor&quot;:&quot;1.25&quot;}'>\n            \n<div class=\"kksr-stars\">\n    \n<div class=\"kksr-stars-inactive\">\n            <div class=\"kksr-star\" data-star=\"1\" style=\"padding-right: 5px\">\n            \n\n<div class=\"kksr-icon\" style=\"width: 24px; height: 24px;\"><\/div>\n        <\/div>\n            <div class=\"kksr-star\" data-star=\"2\" style=\"padding-right: 5px\">\n            \n\n<div class=\"kksr-icon\" style=\"width: 24px; height: 24px;\"><\/div>\n        <\/div>\n            <div class=\"kksr-star\" data-star=\"3\" style=\"padding-right: 5px\">\n            \n\n<div class=\"kksr-icon\" style=\"width: 24px; height: 24px;\"><\/div>\n        <\/div>\n            <div class=\"kksr-star\" data-star=\"4\" style=\"padding-right: 5px\">\n            \n\n<div class=\"kksr-icon\" style=\"width: 24px; height: 24px;\"><\/div>\n        <\/div>\n            <div class=\"kksr-star\" data-star=\"5\" style=\"padding-right: 5px\">\n            \n\n<div class=\"kksr-icon\" style=\"width: 24px; height: 24px;\"><\/div>\n        <\/div>\n    <\/div>\n    \n<div class=\"kksr-stars-active\" style=\"width: 0px;\">\n            <div class=\"kksr-star\" style=\"padding-right: 5px\">\n            \n\n<div class=\"kksr-icon\" style=\"width: 24px; height: 24px;\"><\/div>\n        <\/div>\n            <div class=\"kksr-star\" style=\"padding-right: 5px\">\n            \n\n<div class=\"kksr-icon\" style=\"width: 24px; height: 24px;\"><\/div>\n        <\/div>\n            <div class=\"kksr-star\" style=\"padding-right: 5px\">\n            \n\n<div class=\"kksr-icon\" style=\"width: 24px; height: 24px;\"><\/div>\n        <\/div>\n            <div class=\"kksr-star\" style=\"padding-right: 5px\">\n            \n\n<div class=\"kksr-icon\" style=\"width: 24px; height: 24px;\"><\/div>\n        <\/div>\n            <div class=\"kksr-star\" style=\"padding-right: 5px\">\n            \n\n<div class=\"kksr-icon\" style=\"width: 24px; height: 24px;\"><\/div>\n        <\/div>\n    <\/div>\n<\/div>\n                \n\n<div class=\"kksr-legend\" style=\"font-size: 19.2px;\">\n            <span class=\"kksr-muted\">Rate this product<\/span>\n    <\/div>\n    <\/div>\n&nbsp;\r\n\r\n<a href=\"https:\/\/sonindustrial.com\/wp-content\/uploads\/2025\/10\/khung-SP-WEB-son-3.jpg\"><img fetchpriority=\"high\" decoding=\"async\" class=\" wp-image-38152 aligncenter\" src=\"https:\/\/sonindustrial.com\/wp-content\/uploads\/2025\/10\/khung-SP-WEB-son-3.jpg\" alt=\"c\u1ea3m bi\u1ebfn b\u00e1o m\u1ee9c\" width=\"385\" height=\"385\" srcset=\"https:\/\/sonindustrial.com\/wp-content\/uploads\/2025\/10\/khung-SP-WEB-son-3.jpg 1080w, https:\/\/sonindustrial.com\/wp-content\/uploads\/2025\/10\/khung-SP-WEB-son-3-768x768.jpg 768w, https:\/\/sonindustrial.com\/wp-content\/uploads\/2025\/10\/khung-SP-WEB-son-3-120x120.jpg 120w, https:\/\/sonindustrial.com\/wp-content\/uploads\/2025\/10\/khung-SP-WEB-son-3-100x100.jpg 100w, https:\/\/sonindustrial.com\/wp-content\/uploads\/2025\/10\/khung-SP-WEB-son-3-300x300.jpg 300w, https:\/\/sonindustrial.com\/wp-content\/uploads\/2025\/10\/khung-SP-WEB-son-3-600x600.jpg 600w, https:\/\/sonindustrial.com\/wp-content\/uploads\/2025\/10\/khung-SP-WEB-son-3-570x570.jpg 570w\" sizes=\"(max-width: 385px) 100vw, 385px\" \/><\/a>\r\n\r\nKhi h\u01a1i n\u01b0\u1edbc \u0111\u01b0\u1ee3c t\u1ea1o ra, n\u01b0\u1edbc trong n\u1ed3i h\u01a1i s\u1ebd bay h\u01a1i v\u00e0 c\u1ea7n \u0111\u01b0\u1ee3c b\u1ed5 sung b\u1eb1ng b\u01a1m c\u1ea5p n\u01b0\u1edbc (feedwater pump) \u0111\u1ec3 duy tr\u00ec m\u1ee9c n\u01b0\u1edbc \u1ed5n \u0111\u1ecbnh trong n\u1ed3i h\u01a1i. M\u1ef1c n\u01b0\u1edbc c\u1ea7n \u0111\u01b0\u1ee3c gi\u1eef \u1edf m\u1ee9c th\u00edch h\u1ee3p nh\u1eb1m tr\u00e1nh h\u01b0 h\u1ecfng thi\u1ebft b\u1ecb v\u00e0 \u0111\u1ea3m b\u1ea3o hi\u1ec7u su\u1ea5t v\u1eadn h\u00e0nh t\u1ed1i \u01b0u.<br><br>\r\n\r\nV\u00ec l\u00fd do n\u00e0y, h\u1ec7 th\u1ed1ng \u0111i\u1ec1u khi\u1ec3n m\u1ee9c n\u01b0\u1edbc (level control system) \u0111\u01b0\u1ee3c s\u1eed d\u1ee5ng \u0111\u1ec3 gi\u00e1m s\u00e1t v\u00e0 \u0111i\u1ec1u khi\u1ec3n m\u1ef1c n\u01b0\u1edbc trong n\u1ed3i h\u01a1i. H\u1ec7 th\u1ed1ng c\u00f3 ch\u1ee9c n\u0103ng ph\u00e1t hi\u1ec7n m\u1ef1c n\u01b0\u1edbc th\u1ea5p, k\u00edch ho\u1ea1t c\u1ea3nh b\u00e1o (alarm) v\u00e0 th\u1ef1c hi\u1ec7n thao t\u00e1c ng\u1eaft b\u01a1m c\u1ea5p n\u01b0\u1edbc ho\u1eb7c ng\u1eaft b\u1ed9 \u0111\u1ed1t (burner) khi c\u1ea7n thi\u1ebft.<br><br>\r\n\r\nKhuy\u1ebfn ngh\u1ecb n\u00ean trang b\u1ecb th\u00eam thi\u1ebft b\u1ecb hi\u1ec3n th\u1ecb m\u1ee9c n\u01b0\u1edbc b\u00ean ngo\u00e0i, nh\u01b0 \u1ed1ng th\u1ee7y (level gauge), \u0111\u1ec3 ng\u01b0\u1eddi v\u1eadn h\u00e0nh c\u00f3 th\u1ec3 quan s\u00e1t tr\u1ef1c quan m\u1ef1c n\u01b0\u1edbc theo t\u1eebng n\u1ea5c. Ngo\u00e0i ra, n\u00ean l\u1eafp \u0111\u1eb7t h\u1ec7 th\u1ed1ng \u0111i\u1ec1u khi\u1ec3n m\u1ee9c n\u01b0\u1edbc d\u1ef1 ph\u00f2ng (secondary level control system) \u0111\u1ec3 \u0111\u1ea3m b\u1ea3o an to\u00e0n trong tr\u01b0\u1eddng h\u1ee3p h\u1ec7 th\u1ed1ng ch\u00ednh g\u1eb7p s\u1ef1 c\u1ed1.<br><br>\r\n\r\nThi\u1ebft b\u1ecb c\u1ea3m bi\u1ebfn m\u1ee9c SD-AY420 (SD-AY420 Level Transmitter) ho\u1ea1t \u0111\u1ed9ng theo nguy\u00ean l\u00fd \u0111o \u0111i\u1ec7n dung (capacitance measurement principle). T\u00edn hi\u1ec7u \u0111\u1ea7u ra t\u1ef7 l\u1ec7 thu\u1eadn v\u1edbi m\u1ee9c n\u01b0\u1edbc trong b\u1ed3n ho\u1eb7c n\u1ed3i h\u01a1i, v\u00e0 ph\u00e1t ra t\u00edn hi\u1ec7u analog chu\u1ea9n 4\u201320 mA DC cho h\u1ec7 th\u1ed1ng t\u1ef1 \u0111\u1ed9ng h\u00f3a.<br><br>\r\n\r\nKhi m\u1ef1c n\u01b0\u1edbc \u1edf m\u1ee9c th\u1ea5p nh\u1ea5t (minimum level) \u2192 t\u00edn hi\u1ec7u 4 mA.<br><br>\r\n\r\nKhi m\u1ef1c n\u01b0\u1edbc \u1edf m\u1ee9c cao nh\u1ea5t (maximum level) \u2192 t\u00edn hi\u1ec7u 20 mA.<br><br>\r\n\r\nThi\u1ebft b\u1ecb n\u00e0y gi\u00fap hi\u1ec3n th\u1ecb m\u1ee9c ch\u1ea5t l\u1ecfng trong b\u1ed3n ho\u1eb7c n\u1ed3i h\u01a1i d\u01b0\u1edbi d\u1ea1ng ph\u1ea7n tr\u0103m (%) ho\u1eb7c t\u00edn hi\u1ec7u analog 4\u201320 mA, ph\u00f9 h\u1ee3p cho t\u00edch h\u1ee3p v\u1edbi h\u1ec7 th\u1ed1ng gi\u00e1m s\u00e1t v\u00e0 \u0111i\u1ec1u khi\u1ec3n t\u1ef1 \u0111\u1ed9ng.<br><br>\r\n\r\nTr\u00ean thi\u1ebft b\u1ecb c\u00f3 03 n\u00fat \u0111i\u1ec1u ch\u1ec9nh (buttons) g\u1ed3m 02 \u0111\u00e8n LED \u0111\u1ecf v\u00e0 01 \u0111\u00e8n LED xanh, \u0111\u01b0\u1ee3c s\u1eed d\u1ee5ng \u0111\u1ec3 thi\u1ebft l\u1eadp v\u00e0 hi\u1ec7u ch\u1ec9nh (commissioning adjustment) trong qu\u00e1 tr\u00ecnh c\u00e0i \u0111\u1eb7t ban \u0111\u1ea7u.<br><br>\r\n\r\n<a href=\"https:\/\/sonindustrial.com\/wp-content\/uploads\/2025\/10\/kich-co-bai-fb-va-gg-map-1.jpg\"><img decoding=\"async\" class=\"wp-image-38151 aligncenter\" src=\"https:\/\/sonindustrial.com\/wp-content\/uploads\/2025\/10\/kich-co-bai-fb-va-gg-map-1.jpg\" alt=\"c\u1ea3m bi\u1ebfn b\u00e1o m\u1ee9c\" width=\"794\" height=\"533\" srcset=\"https:\/\/sonindustrial.com\/wp-content\/uploads\/2025\/10\/kich-co-bai-fb-va-gg-map-1.jpg 1886w, https:\/\/sonindustrial.com\/wp-content\/uploads\/2025\/10\/kich-co-bai-fb-va-gg-map-1-1608x1080.jpg 1608w, https:\/\/sonindustrial.com\/wp-content\/uploads\/2025\/10\/kich-co-bai-fb-va-gg-map-1-768x516.jpg 768w, https:\/\/sonindustrial.com\/wp-content\/uploads\/2025\/10\/kich-co-bai-fb-va-gg-map-1-1536x1032.jpg 1536w, https:\/\/sonindustrial.com\/wp-content\/uploads\/2025\/10\/kich-co-bai-fb-va-gg-map-1-600x403.jpg 600w, https:\/\/sonindustrial.com\/wp-content\/uploads\/2025\/10\/kich-co-bai-fb-va-gg-map-1-570x383.jpg 570w, https:\/\/sonindustrial.com\/wp-content\/uploads\/2025\/10\/kich-co-bai-fb-va-gg-map-1-1500x1008.jpg 1500w\" sizes=\"(max-width: 794px) 100vw, 794px\" \/><\/a>\r\n\r\n&nbsp;","protected":false},"excerpt":{"rendered":"<p>C\u1ea3m bi\u1ebfn b\u00e1o m\u1ee9c \u0111i\u1ec7n dung 4-20mA<br \/>\nXu\u1ea5t x\u1ee9: Vira Th\u1ed5 Nh\u0129 K\u1ef3<br \/>\nModel: SD-AY 420A<br \/>\nCapacitive Level Transmitter<br \/>\nSupply Voltage: 24 VDC<br \/>\nFunctions: -4-20mA Output-Minimum Level Set-Maximum Level Set<br \/>\nPressure Class: PN 40<br \/>\nMax. Operat. Temp: 239 degC<br \/>\nConnection: G 1\/2&#8221; BSPT<br \/>\nLength: 800 mm<\/p>\n","protected":false},"featured_media":38150,"template":"","meta":{"_acf_changed":false},"product_brand":[],"product_cat":[433,543],"product_tag":[],"class_list":{"0":"post-38149","1":"product","2":"type-product","3":"status-publish","4":"has-post-thumbnail","6":"product_cat-cam-bien-bao-muc","9":"first","10":"instock","11":"shipping-taxable","12":"product-type-simple"},"acf":[],"_links":{"self":[{"href":"https:\/\/sonindustrial.com\/en\/wp-json\/wp\/v2\/product\/38149","targetHints":{"allow":["GET"]}}],"collection":[{"href":"https:\/\/sonindustrial.com\/en\/wp-json\/wp\/v2\/product"}],"about":[{"href":"https:\/\/sonindustrial.com\/en\/wp-json\/wp\/v2\/types\/product"}],"version-history":[{"count":14,"href":"https:\/\/sonindustrial.com\/en\/wp-json\/wp\/v2\/product\/38149\/revisions"}],"predecessor-version":[{"id":38184,"href":"https:\/\/sonindustrial.com\/en\/wp-json\/wp\/v2\/product\/38149\/revisions\/38184"}],"wp:featuredmedia":[{"embeddable":true,"href":"https:\/\/sonindustrial.com\/en\/wp-json\/wp\/v2\/media\/38150"}],"wp:attachment":[{"href":"https:\/\/sonindustrial.com\/en\/wp-json\/wp\/v2\/media?parent=38149"}],"wp:term":[{"taxonomy":"product_brand","embeddable":true,"href":"https:\/\/sonindustrial.com\/en\/wp-json\/wp\/v2\/product_brand?post=38149"},{"taxonomy":"product_cat","embeddable":true,"href":"https:\/\/sonindustrial.com\/en\/wp-json\/wp\/v2\/product_cat?post=38149"},{"taxonomy":"product_tag","embeddable":true,"href":"https:\/\/sonindustrial.com\/en\/wp-json\/wp\/v2\/product_tag?post=38149"}],"curies":[{"name":"wp","href":"https:\/\/api.w.org\/{rel}","templated":true}]}}