{"id":36713,"date":"2025-10-15T11:30:53","date_gmt":"2025-10-15T04:30:53","guid":{"rendered":"https:\/\/sonindustrial.com\/?post_type=product&#038;p=36713"},"modified":"2026-03-20T09:18:46","modified_gmt":"2026-03-20T02:18:46","slug":"thiet-bi-rung-khi-nen-ah80","status":"publish","type":"product","link":"https:\/\/sonindustrial.com\/en\/thiet-bi-rung-khi-nen-ah80\/","title":{"rendered":"B\u00faa g\u00f5 kh\u00ed n\u00e9n SON AH80"},"content":{"rendered":"\n\n<div class=\"kk-star-ratings kksr-auto kksr-align-left kksr-valign-top\"\n    data-payload='{&quot;align&quot;:&quot;left&quot;,&quot;id&quot;:&quot;36713&quot;,&quot;slug&quot;:&quot;default&quot;,&quot;valign&quot;:&quot;top&quot;,&quot;ignore&quot;:&quot;&quot;,&quot;reference&quot;:&quot;auto&quot;,&quot;class&quot;:&quot;&quot;,&quot;count&quot;:&quot;0&quot;,&quot;legendonly&quot;:&quot;&quot;,&quot;readonly&quot;:&quot;&quot;,&quot;score&quot;:&quot;0&quot;,&quot;starsonly&quot;:&quot;&quot;,&quot;best&quot;:&quot;5&quot;,&quot;gap&quot;:&quot;5&quot;,&quot;greet&quot;:&quot;Rate this product&quot;,&quot;legend&quot;:&quot;0\\\/5 - (0 votes)&quot;,&quot;size&quot;:&quot;24&quot;,&quot;title&quot;:&quot;B\u00faa g\u00f5 kh\u00ed n\u00e9n SON AH80&quot;,&quot;width&quot;:&quot;0&quot;,&quot;_legend&quot;:&quot;{score}\\\/{best} - ({count} {votes})&quot;,&quot;font_factor&quot;:&quot;1.25&quot;}'>\n            \n<div class=\"kksr-stars\">\n    \n<div class=\"kksr-stars-inactive\">\n            <div class=\"kksr-star\" data-star=\"1\" style=\"padding-right: 5px\">\n            \n\n<div class=\"kksr-icon\" style=\"width: 24px; height: 24px;\"><\/div>\n        <\/div>\n            <div class=\"kksr-star\" data-star=\"2\" style=\"padding-right: 5px\">\n            \n\n<div class=\"kksr-icon\" style=\"width: 24px; height: 24px;\"><\/div>\n        <\/div>\n            <div class=\"kksr-star\" data-star=\"3\" style=\"padding-right: 5px\">\n            \n\n<div class=\"kksr-icon\" style=\"width: 24px; height: 24px;\"><\/div>\n        <\/div>\n            <div class=\"kksr-star\" data-star=\"4\" style=\"padding-right: 5px\">\n            \n\n<div class=\"kksr-icon\" style=\"width: 24px; height: 24px;\"><\/div>\n        <\/div>\n            <div class=\"kksr-star\" data-star=\"5\" style=\"padding-right: 5px\">\n            \n\n<div class=\"kksr-icon\" style=\"width: 24px; height: 24px;\"><\/div>\n        <\/div>\n    <\/div>\n    \n<div class=\"kksr-stars-active\" style=\"width: 0px;\">\n            <div class=\"kksr-star\" style=\"padding-right: 5px\">\n            \n\n<div class=\"kksr-icon\" style=\"width: 24px; height: 24px;\"><\/div>\n        <\/div>\n            <div class=\"kksr-star\" style=\"padding-right: 5px\">\n            \n\n<div class=\"kksr-icon\" style=\"width: 24px; height: 24px;\"><\/div>\n        <\/div>\n            <div class=\"kksr-star\" style=\"padding-right: 5px\">\n            \n\n<div class=\"kksr-icon\" style=\"width: 24px; height: 24px;\"><\/div>\n        <\/div>\n            <div class=\"kksr-star\" style=\"padding-right: 5px\">\n            \n\n<div class=\"kksr-icon\" style=\"width: 24px; height: 24px;\"><\/div>\n        <\/div>\n            <div class=\"kksr-star\" style=\"padding-right: 5px\">\n            \n\n<div class=\"kksr-icon\" style=\"width: 24px; height: 24px;\"><\/div>\n        <\/div>\n    <\/div>\n<\/div>\n                \n\n<div class=\"kksr-legend\" style=\"font-size: 19.2px;\">\n            <span class=\"kksr-muted\">Rate this product<\/span>\n    <\/div>\n    <\/div>\n","protected":false},"excerpt":{"rendered":"<p>Model: AH80<\/p>\n<p>Nhi\u1ec7t \u0111\u1ed9: -40 ~ 100\u00baC<\/p>\n<p data-start=\"42\" data-end=\"71\">\u00c1p su\u1ea5t kh\u00ed c\u1ea5p: 4\u20137 kg\/cm\u00b2<\/p>\n<p data-start=\"73\" data-end=\"110\">L\u01b0u l\u01b0\u1ee3ng kh\u00ed ti\u00eau th\u1ee5: 0.455 L\/e.t<\/p>\n<p>\u0110\u1ed9 \u1ed3n: 80 \u2013 115 dBA<\/p>\n<p>Xu\u1ea5t x\u1ee9: SON Industrial<\/p>\n","protected":false},"featured_media":36700,"template":"","meta":{"_acf_changed":false},"product_brand":[448],"product_cat":[418,480,432],"product_tag":[],"class_list":{"0":"post-36713","1":"product","2":"type-product","3":"status-publish","4":"has-post-thumbnail","6":"product_brand-son-industrial","7":"product_cat-thiet-bi-do-luong","8":"product_cat-bua-go-khi-nen","9":"product_cat-bua-rung-bua-go","11":"first","12":"instock","13":"shipping-taxable","14":"purchasable","15":"product-type-simple"},"acf":[],"_links":{"self":[{"href":"https:\/\/sonindustrial.com\/en\/wp-json\/wp\/v2\/product\/36713","targetHints":{"allow":["GET"]}}],"collection":[{"href":"https:\/\/sonindustrial.com\/en\/wp-json\/wp\/v2\/product"}],"about":[{"href":"https:\/\/sonindustrial.com\/en\/wp-json\/wp\/v2\/types\/product"}],"version-history":[{"count":7,"href":"https:\/\/sonindustrial.com\/en\/wp-json\/wp\/v2\/product\/36713\/revisions"}],"predecessor-version":[{"id":39658,"href":"https:\/\/sonindustrial.com\/en\/wp-json\/wp\/v2\/product\/36713\/revisions\/39658"}],"wp:featuredmedia":[{"embeddable":true,"href":"https:\/\/sonindustrial.com\/en\/wp-json\/wp\/v2\/media\/36700"}],"wp:attachment":[{"href":"https:\/\/sonindustrial.com\/en\/wp-json\/wp\/v2\/media?parent=36713"}],"wp:term":[{"taxonomy":"product_brand","embeddable":true,"href":"https:\/\/sonindustrial.com\/en\/wp-json\/wp\/v2\/product_brand?post=36713"},{"taxonomy":"product_cat","embeddable":true,"href":"https:\/\/sonindustrial.com\/en\/wp-json\/wp\/v2\/product_cat?post=36713"},{"taxonomy":"product_tag","embeddable":true,"href":"https:\/\/sonindustrial.com\/en\/wp-json\/wp\/v2\/product_tag?post=36713"}],"curies":[{"name":"wp","href":"https:\/\/api.w.org\/{rel}","templated":true}]}}